{"id":1380,"date":"2024-09-17T09:31:40","date_gmt":"2024-09-17T09:31:40","guid":{"rendered":"https:\/\/fratellilaise.com\/main\/?post_type=product&#038;p=1380"},"modified":"2024-09-17T09:36:11","modified_gmt":"2024-09-17T09:36:11","slug":"liquore-al-pistacchio-romeo-700ml","status":"publish","type":"product","link":"https:\/\/fratellilaise.com\/main\/product\/liquore-al-pistacchio-romeo-700ml\/","title":{"rendered":"Liquore al Pistacchio Romeo 700ml"},"content":{"rendered":"","protected":false},"excerpt":{"rendered":"<p>Liquore al Pistacchio 700ml vol.25%<\/p>\n<p>Ingredienti: alcol idrato, zucchero, infuso di pistacchi, aromi naturali<\/p>\n<p>Un liquore che rende omaggio a uno dei tesori della nostra terra, il pistacchio, che viene lavorato secondo metodi di preparazione tradizionali a garanzia della sua genuinit\u00e0 e del suo gusto unico. La lavorazione mantiene, inoltre, inalterate tutte le propriet\u00e0 benefiche e antistress del pistacchio. Il risultato \u00e8 una bevanda che mette di buon umore. E&#8217; caratterizzato dal suo colore verde cristallino. Il suo profumo \u00e8 leggero e soave ed il suo sapore \u00e8 asciutto e pungente. Perfetto in qualsiasi momento della giornata o come fine pasto. Ottimo in abbinamento a dessert, frutta e gelato. Da servire ghiacciato.<\/p>\n<p>La presenza di eventuali residui \u00e8 da attribuire alla lavorazione artigianale di ingredienti naturali.<\/p>\n","protected":false},"featured_media":1381,"comment_status":"open","ping_status":"closed","template":"","meta":[],"product_brand":[],"product_cat":[64,54],"product_tag":[],"class_list":{"0":"post-1380","1":"product","2":"type-product","3":"status-publish","4":"has-post-thumbnail","6":"product_cat-liquori","7":"product_cat-pistacchio-e-mandorla","9":"first","10":"instock","11":"taxable","12":"shipping-taxable","13":"purchasable","14":"product-type-simple"},"jetpack_sharing_enabled":true,"_links":{"self":[{"href":"https:\/\/fratellilaise.com\/main\/wp-json\/wp\/v2\/product\/1380","targetHints":{"allow":["GET"]}}],"collection":[{"href":"https:\/\/fratellilaise.com\/main\/wp-json\/wp\/v2\/product"}],"about":[{"href":"https:\/\/fratellilaise.com\/main\/wp-json\/wp\/v2\/types\/product"}],"replies":[{"embeddable":true,"href":"https:\/\/fratellilaise.com\/main\/wp-json\/wp\/v2\/comments?post=1380"}],"wp:featuredmedia":[{"embeddable":true,"href":"https:\/\/fratellilaise.com\/main\/wp-json\/wp\/v2\/media\/1381"}],"wp:attachment":[{"href":"https:\/\/fratellilaise.com\/main\/wp-json\/wp\/v2\/media?parent=1380"}],"wp:term":[{"taxonomy":"product_brand","embeddable":true,"href":"https:\/\/fratellilaise.com\/main\/wp-json\/wp\/v2\/product_brand?post=1380"},{"taxonomy":"product_cat","embeddable":true,"href":"https:\/\/fratellilaise.com\/main\/wp-json\/wp\/v2\/product_cat?post=1380"},{"taxonomy":"product_tag","embeddable":true,"href":"https:\/\/fratellilaise.com\/main\/wp-json\/wp\/v2\/product_tag?post=1380"}],"curies":[{"name":"wp","href":"https:\/\/api.w.org\/{rel}","templated":true}]}}